{"id":137,"date":"2025-02-25T09:42:09","date_gmt":"2025-02-25T09:42:09","guid":{"rendered":"https:\/\/fotowettbewerb.amsuisse.ch\/?page_id=137"},"modified":"2025-03-06T10:19:05","modified_gmt":"2025-03-06T10:19:05","slug":"participer-maintenant","status":"publish","type":"page","link":"https:\/\/fotowettbewerb.amsuisse.ch\/fr\/jetzt-teilnehmen\/","title":{"rendered":"Participez maintenant"},"content":{"rendered":"<p class=\"is-style-default has-medium-font-size\"><em>Vous pouvez vous connecter ici avec votre adresse e-mail et votre mot de passe.<\/em><\/p>\n\n\n<pre class='cg_main_pre  cg_10 cg_20'  style='overflow:hidden;visibility: hidden;height:230px;'  ><noscript>\n<div style=\"border: 1px solid purple; padding: 10px\">\n<span style=\"color:red\">Activer JavaScript pour utiliser le formulaire<\/span>\n<\/div>\n<\/noscript>\n\n<div id=\"cgMessagesContainer\" class=\"cg_hide cg_messages_container cg_fe_controls_style_white cg_border_radius_controls_and_containers\">\n   <div id=\"cgMessagesDiv\">\n       <div id=\"cgMessagesClose\">\n   \n        <\/div>\n       <div id=\"cgMessagesContent\">\n            Le concours photo est termin\u00e9\n        <\/div>\n    <\/div>\n<\/div>\n<div id=\"cgMessagesContainerPro\" class=\"cg_hide cg_messages_container_pro cg_fe_controls_style_white cg_border_radius_controls_and_containers\">\n   <div id=\"cgMessagesDiv\">\n       <div id=\"cgMessagesCloseProContainer\">\n           <div id=\"cgMessagesClose\">\n            <\/div>\n       <\/div>\n       <div id=\"cgMessagesContent\">\n            Le concours photo est termin\u00e9\n        <\/div>\n    <\/div>\n<\/div>\n<input type='hidden' id='cg_gallery_id' value='0'\/><div id='cg_user_login_div' class='mainCGdivUploadForm mainCGdivLoginForm mainCGdivUploadFormStatic  cg_fe_controls_style_white cg_border_radius_controls_and_containers' data-cg-gid='0' ><div class='cg_hover_effect cg-close-upload-form cg_fe_controls_style_white cg_hide' data-cg-gid='0' data-cg-tooltip='Fermer'><\/div><div style='visibility: hidden;'  id='mainCGdivLoginFormContainer' class='mainCGdivUploadFormContainer'><p id='mainCGdivResetPasswordSuccessfullyExplanation' class='cg_hide'><b>Mot de passe chang\u00e9 avec succ\u00e8s<\/b><\/p><input type='hidden' id='cg_check_mail_name_value_for_login' value='0'><input type='hidden' id='cg_site_url' value='https:\/\/fotowettbewerb.amsuisse.ch'\/><input type='hidden' id='cg_gallery_id_login' value='0'\/><input type='hidden' id='cg_ForwardAfterLoginUrlCheck' value='1'\/><input type='hidden' id='cg_ForwardAfterLoginUrl' value='https:\/\/fotowettbewerb.amsuisse.ch\/'\/><span id='cg_user_registry_anchor'><\/span><form action=\"\" method=\"post\" id=\"cg_user_login_form\" data-trp-original-action=\"\"><input type='hidden' name='cg_login_check' id='cg_login_check' value='b51b2cc2eae639ca0de530d8f3ac48e8a4e096a9e2f5a2dbd3b975f595849fbb'><div id='cg-login-1' class='cg_form_div'><label for='cg_login_name_mail'>Identifiant ou adresse email<\/label><input type='text'  id='cg_login_name_mail' name='cg_login_name_mail'><p id='cg_append_login_name_mail_fail' class='cg_input_error cg_hide' ><\/p><\/div><div id='cg-login-2' class='cg_form_div'><label for='cg_login_password'>Mot de passe<\/label><input type='password'  id='cg_login_password' name='cg_login_password'><p id='cg_append_login_password_fail' class='cg_input_error cg_hide' ><\/p><\/div><div class='cg_form_upload_submit_div cg_form_div' ><button type=\"submit\" id=\"cg_user_login_check\" >Connexion<\/button><p id='cg_append_validation_system_fail' class='cg_input_error cg_hide' ><\/p><p id='cg_append_login_and_password_do_not_match' class='cg_input_error cg_hide' ><\/p><div class=\"cg_form_div_image_upload_preview_loader_container cg_hide\"><div class=\"cg_form_div_image_upload_preview_loader cg-lds-dual-ring-gallery-hide cg-lds-dual-ring-gallery-hide-mainCGallery\"><\/div><\/div><\/div><input type=\"hidden\" name=\"trp-form-language\" value=\"fr\"\/><\/form><\/div><div id='cg_login_message'><\/div><input type='hidden' id='cg_show_upload' value='1'><input type='hidden' id='cg_file_not_allowed_1' value='Ce type de fichier n'est pas autoris\u00e9'><input type='hidden' id='cg_file_size_to_big' value='Le fichier s\u00e9lectionn\u00e9 est trop gros, maximum autoris\u00e9'><input type='hidden' id='cg_to_high_resolution' value='La r\u00e9solution de cette image est'><input type='hidden' id='cg_max_allowed_resolution_jpg' value='La r\u00e9solution maximale autoris\u00e9e pour les JPG est de'><input type='hidden' id='cg_max_allowed_width_jpg' value='La largeur maximale autoris\u00e9e pour les JPG est de'><input type='hidden' id='cg_max_allowed_height_jpg' value='La hauteur maximale autoris\u00e9e pour les JPG est de'><input type='hidden' id='cg_max_allowed_resolution_png' value='La r\u00e9solution maximale autoris\u00e9e pour les PNG est de'><input type='hidden' id='cg_max_allowed_width_png' value='La largeur maximale autoris\u00e9e pour les PNG est de'><input type='hidden' id='cg_max_allowed_height_png' value='La hauteur maximale autoris\u00e9e pour les PNG est de'><input type='hidden' id='cg_max_allowed_resolution_gif' value='La r\u00e9solution maximale autoris\u00e9e pour les GIF est de'><input type='hidden' id='cg_max_allowed_width_gif' value='La largeur maximale autoris\u00e9e pour les GIF est de'><input type='hidden' id='cg_max_allowed_height_gif' value='La hauteur maximale autoris\u00e9e pour les GIF est de'><input type='hidden' id='cg_check_agreement' value='Vous devez donner votre accord '><input type='hidden' id='cg_check_email_upload_for_login' value=' Cet adresse email n'est pas valide'><input type='hidden' id='cg_min_characters_text' value='Minimum de caract\u00e8res'><input type='hidden' id='cg_max_characters_text' value='Maximum de caract\u00e8res'><input type='hidden' id='cg_no_picture_is_choosed' value='S\u00e9lectionner votre image'><input type='hidden' id='cg_language_BulkUploadQuantityIs' value='Le nombre maximum de fichiers pour un t\u00e9l\u00e9chargement est'><input type='hidden' id='cg_language_BulkUploadLowQuantityIs' value='Le nombre minimum de fichiers pour un t\u00e9l\u00e9chargement est'><input type='hidden' id='cg_language_BulkUploadLowQuantityIs' value='Le nombre minimum de fichiers pour un t\u00e9l\u00e9chargement est'><input type='hidden' id='cg_language_ThisMailAlreadyExists' value='Cette adresse est d\u00e9j\u00e0 enregistr\u00e9e'><input type='hidden' id='cg_language_ThisNicknameAlreadyExists' value='Ce pseudo est d\u00e9j\u00e0 pris'><input type='hidden' id='cg_language_ThisUsernameAlreadyExists' value='This username already taken'><input type='hidden' id='cg_language_PasswordRequired' value='Mot de passe requis'><input type='hidden' id='cg_language_UsernameOrEmailRequired' value='Identifiant ou adresse email requis'><input type='hidden' id='cg_language_EmailRequired' value='Email requis'><input type='hidden' id='cg_language_EmailAddressHasToBeValid' value='Cet adresse email n'est pas valide'><input type='hidden' id='cg_language_EmailAndPasswordDoNotMatch' value='Email et mot de passe ne correspondent pas'><input type='hidden' id='cg_language_LoginAndPasswordDoNotMatch' value='Login et mot de passe ne correspondent pas'><input type='hidden' id='cg_language_PleaseFillOut' value='Merci de remplir'><input type='hidden' id='cg_language_Required' value='Requis'><input type='hidden' id='cg_language_PasswordsDoNotMatch' value='Les mots de passe ne correspondent pas'><input type='hidden' id='cg_language_LostPasswordUrlIsNotValidAnymore' value='Le lien de r\u00e9initialisation du mot de passe n'est plus valide'><input type='hidden' id='cg_language_ResetPasswordSuccessfully' value='Mot de passe chang\u00e9 avec succ\u00e8s'><input type='hidden' id='cg_language_MinAmountOfCharacters' value='Minimum de caract\u00e8res'><\/div><\/pre>\n\n\n\n<p class=\"has-text-align-center\" style=\"writing-mode:horizontal-tb\"><em>ou<\/em><\/p>\n\n\n\n<div class=\"wp-block-buttons is-content-justification-center is-layout-flex wp-container-core-buttons-is-layout-a89b3969 wp-block-buttons-is-layout-flex\">\n<div class=\"wp-block-button is-style-fill\"><a class=\"wp-block-button__link has-background has-text-align-left wp-element-button\" href=\"https:\/\/fotowettbewerb.amsuisse.ch\/fr\/?page_id=132\" style=\"background-color:#0086ce\">S\u2019INSCRIRE MAINTENANT<\/a><\/div>\n<\/div>","protected":false},"excerpt":{"rendered":"<p>Vous pouvez vous connecter ici avec votre adresse e-mail et votre mot de passe. ou<\/p>","protected":false},"author":1,"featured_media":0,"parent":0,"menu_order":0,"comment_status":"closed","ping_status":"closed","template":"","meta":{"footnotes":""},"class_list":["post-137","page","type-page","status-publish","hentry"],"_links":{"self":[{"href":"https:\/\/fotowettbewerb.amsuisse.ch\/fr\/wp-json\/wp\/v2\/pages\/137","targetHints":{"allow":["GET"]}}],"collection":[{"href":"https:\/\/fotowettbewerb.amsuisse.ch\/fr\/wp-json\/wp\/v2\/pages"}],"about":[{"href":"https:\/\/fotowettbewerb.amsuisse.ch\/fr\/wp-json\/wp\/v2\/types\/page"}],"author":[{"embeddable":true,"href":"https:\/\/fotowettbewerb.amsuisse.ch\/fr\/wp-json\/wp\/v2\/users\/1"}],"replies":[{"embeddable":true,"href":"https:\/\/fotowettbewerb.amsuisse.ch\/fr\/wp-json\/wp\/v2\/comments?post=137"}],"version-history":[{"count":11,"href":"https:\/\/fotowettbewerb.amsuisse.ch\/fr\/wp-json\/wp\/v2\/pages\/137\/revisions"}],"predecessor-version":[{"id":334,"href":"https:\/\/fotowettbewerb.amsuisse.ch\/fr\/wp-json\/wp\/v2\/pages\/137\/revisions\/334"}],"wp:attachment":[{"href":"https:\/\/fotowettbewerb.amsuisse.ch\/fr\/wp-json\/wp\/v2\/media?parent=137"}],"curies":[{"name":"wp","href":"https:\/\/api.w.org\/{rel}","templated":true}]}}