{"id":467,"date":"2025-03-19T08:56:58","date_gmt":"2025-03-19T08:56:58","guid":{"rendered":"https:\/\/fotowettbewerb.amsuisse.ch\/?page_id=467"},"modified":"2025-04-02T07:01:45","modified_gmt":"2025-04-02T07:01:45","slug":"infos-generales","status":"publish","type":"page","link":"https:\/\/fotowettbewerb.amsuisse.ch\/fr\/faq\/","title":{"rendered":"Infos g\u00e9n\u00e9rales"},"content":{"rendered":"<details class=\"wp-block-details is-layout-flow wp-block-details-is-layout-flow\"><summary>Qui peut participer au concours photo ?<\/summary>\n<p>Tous les membres de Metaltec Suisse peuvent participer au concours.<\/p>\n\n\n\n<p><\/p>\n<\/details>\n\n\n\n<details class=\"wp-block-details is-layout-flow wp-block-details-is-layout-flow\"><summary>Quel est l'objectif du concours ?<\/summary>\n<p>Le concours sert \u00e0 Metaltec Suisse \u00e0 cr\u00e9er une phototh\u00e8que d'objets de haute qualit\u00e9 pour la promotion des fa\u00e7ades, des constructions m\u00e9talliques et des constructions en acier dans le b\u00e2timent. La biblioth\u00e8que d'images doit servir de source d'inspiration aux architectes, ing\u00e9nieurs et ma\u00eetres d'ouvrage sur le site <a href=\"https:\/\/www.metaltecsuisse.ch\/fr\/home-metaltec-suisse\" target=\"_blank\" rel=\"noreferrer noopener\">www.metaltecsuisse.ch<\/a> promouvoir la prise de conscience de la durabilit\u00e9 et de l'esth\u00e9tique des mat\u00e9riaux m\u00e9talliques et enrichir nos publications.<\/p>\n\n\n\n<p><\/p>\n\n\n\n<details class=\"wp-block-details is-layout-flow wp-block-details-is-layout-flow\"><summary>Prix pour les meilleures photos<\/summary>\n<p>Entre autres, des tablettes Samsung Galaxy Tab Active 5 Enterprise Edition seront tir\u00e9es au sort. Des prix seront remis aux gagnants du concours photo ainsi qu\u2019aux participants au vote du public.<\/p>\n\n\n\n<p><\/p>\n<\/details>\n<\/details>\n\n\n\n<details class=\"wp-block-details is-layout-flow wp-block-details-is-layout-flow\"><summary>Prix pour les meilleures photos<\/summary>\n<p>Entre autres, des tablettes Samsung Galaxy Tab Active 5 Enterprise Edition seront tir\u00e9es au sort.<br>Il y aura des prix pour les gagnants du concours photo et pour les participants au vote du public.<\/p>\n\n\n\n<p><\/p>\n<\/details>\n\n\n\n<details class=\"wp-block-details is-layout-flow wp-block-details-is-layout-flow\"><summary>Comment puis-je soumettre mes photos ?<\/summary>\n<p>Il faut d'abord cr\u00e9er un profil en cliquant sur \u00ab Participer maintenant (inscription pour la soumission de photos ainsi que le vote public) \u00bb. Ensuite, les photos peuvent \u00eatre t\u00e9l\u00e9charg\u00e9es via \u00ab Envoyer des photos \u00bb. Les donn\u00e9es d'adresse sont n\u00e9cessaires pour pouvoir envoyer les prix du concours aux gagnants.<\/p>\n\n\n\n<p><\/p>\n<\/details>\n\n\n\n<details class=\"wp-block-details is-layout-flow wp-block-details-is-layout-flow\"><summary>Quelles exigences les photos doivent-elles remplir ?<\/summary>\n<p>Haute qualit\u00e9 d'image (largeur de r\u00e9solution minimale de 1080 px, hauteur de r\u00e9solution minimale de 1080 px, taille de fichier maximale de 20 MO).<\/p>\n\n\n\n<p>Repr\u00e9sentation claire des projets de construction m\u00e9tallique et composition ad\u00e9quate de l'image.<\/p>\n\n\n\n<p>Les projets doivent avoir \u00e9t\u00e9 r\u00e9alis\u00e9s par un membre d\u2019AM Suisse.<\/p>\n\n\n\n<p><\/p>\n<\/details>\n\n\n\n<details class=\"wp-block-details is-layout-flow wp-block-details-is-layout-flow\"><summary>Quelles sont les cat\u00e9gories ?<\/summary>\n<p class=\"translation-block\">Escaliers, Garde-corps, Portes\/portails, Fa\u00e7ades\/fen\u00eatres, Construction m\u00e9tallique g\u00e9n\u00e9rale et Construction en acier, \u0152uvres d'art\/forge, Ponts &amp; passerelles, Personnes\/artisanat, Autres.<\/p>\n\n\n\n<p><\/p>\n<\/details>\n\n\n\n<details class=\"wp-block-details is-layout-flow wp-block-details-is-layout-flow\"><summary>Comment les photos gagnantes sont-elles s\u00e9lectionn\u00e9es ?<\/summary>\n<p>Par le biais du vote du public, qui peut \u00e9galement \u00eatre effectu\u00e9 sur le site web.<\/p>\n<\/details>\n\n\n\n<details class=\"wp-block-details is-layout-flow wp-block-details-is-layout-flow\"><summary>O\u00f9 les photos prim\u00e9es seront-elles publi\u00e9es ?<\/summary>\n<p class=\"translation-block\">Les photos gagnantes seront publi\u00e9es sur le site Internet de Metaltec Suisse et diffus\u00e9es via la newsletter d'AM Suisse et le canal LinkedIn de Metaltec Suisse.<\/p>\n\n\n\n<p><\/p>\n<\/details>\n\n\n\n<details class=\"wp-block-details is-layout-flow wp-block-details-is-layout-flow\"><summary>Quelle est la dur\u00e9e du concours ?<\/summary>\n<p>La date limite de participation est fix\u00e9e au 30.07.2025. Le concours sera r\u00e9p\u00e9t\u00e9 par la suite si le nombre de participants est suffisant.<\/p>\n\n\n\n<p><\/p>\n<\/details>\n\n\n\n<details class=\"wp-block-details is-layout-flow wp-block-details-is-layout-flow\"><summary>Quels sont mes avantages si je soumets des photos ?<\/summary>\n<p>Visibilit\u00e9 pour votre entreprise et vos projets.<\/p>\n\n\n\n<p>Promotion de vos travaux dans le secteur de l'architecture et de la construction.<\/p>\n\n\n\n<p>Possibilit\u00e9 d'acqu\u00e9rir de nouveaux clients et de nouveaux partenaires.<\/p>\n<\/details>","protected":false},"excerpt":{"rendered":"","protected":false},"author":1,"featured_media":0,"parent":0,"menu_order":0,"comment_status":"closed","ping_status":"closed","template":"","meta":{"footnotes":""},"class_list":["post-467","page","type-page","status-publish","hentry"],"_links":{"self":[{"href":"https:\/\/fotowettbewerb.amsuisse.ch\/fr\/wp-json\/wp\/v2\/pages\/467","targetHints":{"allow":["GET"]}}],"collection":[{"href":"https:\/\/fotowettbewerb.amsuisse.ch\/fr\/wp-json\/wp\/v2\/pages"}],"about":[{"href":"https:\/\/fotowettbewerb.amsuisse.ch\/fr\/wp-json\/wp\/v2\/types\/page"}],"author":[{"embeddable":true,"href":"https:\/\/fotowettbewerb.amsuisse.ch\/fr\/wp-json\/wp\/v2\/users\/1"}],"replies":[{"embeddable":true,"href":"https:\/\/fotowettbewerb.amsuisse.ch\/fr\/wp-json\/wp\/v2\/comments?post=467"}],"version-history":[{"count":15,"href":"https:\/\/fotowettbewerb.amsuisse.ch\/fr\/wp-json\/wp\/v2\/pages\/467\/revisions"}],"predecessor-version":[{"id":615,"href":"https:\/\/fotowettbewerb.amsuisse.ch\/fr\/wp-json\/wp\/v2\/pages\/467\/revisions\/615"}],"wp:attachment":[{"href":"https:\/\/fotowettbewerb.amsuisse.ch\/fr\/wp-json\/wp\/v2\/media?parent=467"}],"curies":[{"name":"wp","href":"https:\/\/api.w.org\/{rel}","templated":true}]}}